{"id":208,"date":"2016-02-02T15:10:25","date_gmt":"2016-02-02T15:10:25","guid":{"rendered":"http:\/\/demo.themegrill.com\/estore\/?post_type=product&#038;p=208"},"modified":"2024-07-11T10:19:33","modified_gmt":"2024-07-11T10:19:33","slug":"summer-sandals","status":"publish","type":"product","link":"https:\/\/shop.sgunterrath.de\/index.php\/produkt\/summer-sandals\/","title":{"rendered":"SGU Badelatschen"},"content":{"rendered":"<p>Egal, ob f\u00fcrs Schwimmbad, die Umkleide oder f\u00fcr zu Hause \u2013 diese adilette sorgt immer und \u00fcberall f\u00fcr unschlagbaren Komfort. Einfach reinschl\u00fcpfen und wohlf\u00fchlen. So einfach kann es sein. Sie ist angenehm leicht, d\u00e4mpft jeden deiner Schritte und sorgt mit dem adidas Logo und den 3-Streifen f\u00fcr coolen, sportlichen Style.<\/p>\n","protected":false},"excerpt":{"rendered":"<p>EINE VIELSEITIGE ADILETTE MIT UNSCHLAGBAREM KOMFORTFAKTOR.<\/p>\n","protected":false},"featured_media":1227,"comment_status":"open","ping_status":"closed","template":"","meta":{"jetpack_post_was_ever_published":false},"product_cat":[49],"product_tag":[],"class_list":{"0":"post-208","1":"product","2":"type-product","3":"status-publish","4":"has-post-thumbnail","6":"product_cat-accessoires-2","7":"product_shipping_class-leichte-paket","9":"first","10":"instock","11":"shipping-taxable","12":"purchasable","13":"product-type-simple"},"jetpack_sharing_enabled":true,"_links":{"self":[{"href":"https:\/\/shop.sgunterrath.de\/index.php\/wp-json\/wp\/v2\/product\/208","targetHints":{"allow":["GET"]}}],"collection":[{"href":"https:\/\/shop.sgunterrath.de\/index.php\/wp-json\/wp\/v2\/product"}],"about":[{"href":"https:\/\/shop.sgunterrath.de\/index.php\/wp-json\/wp\/v2\/types\/product"}],"replies":[{"embeddable":true,"href":"https:\/\/shop.sgunterrath.de\/index.php\/wp-json\/wp\/v2\/comments?post=208"}],"wp:featuredmedia":[{"embeddable":true,"href":"https:\/\/shop.sgunterrath.de\/index.php\/wp-json\/wp\/v2\/media\/1227"}],"wp:attachment":[{"href":"https:\/\/shop.sgunterrath.de\/index.php\/wp-json\/wp\/v2\/media?parent=208"}],"wp:term":[{"taxonomy":"product_cat","embeddable":true,"href":"https:\/\/shop.sgunterrath.de\/index.php\/wp-json\/wp\/v2\/product_cat?post=208"},{"taxonomy":"product_tag","embeddable":true,"href":"https:\/\/shop.sgunterrath.de\/index.php\/wp-json\/wp\/v2\/product_tag?post=208"}],"curies":[{"name":"wp","href":"https:\/\/api.w.org\/{rel}","templated":true}]}}